
{"id":727,"date":"2021-11-02T11:48:47","date_gmt":"2021-11-02T18:48:47","guid":{"rendered":"https:\/\/cheawcd.org\/newsite\/?page_id=727"},"modified":"2026-01-20T13:19:05","modified_gmt":"2026-01-20T20:19:05","slug":"district-deputy-clinics","status":"publish","type":"page","link":"https:\/\/cheawcd.org\/newsite\/index.php\/district-deputy-clinics\/","title":{"rendered":"District Deputy Clinics"},"content":{"rendered":"\n<p>This page will be used to provide any content from the DDGER Clinics. <\/p>\n\n\n\n<p>January 17th, 2026:<\/p>\n\n\n\n<div class=\"wp-block-file\"><object class=\"wp-block-file__embed\" data=\"https:\/\/cheawcd.org\/newsite\/wp-content\/uploads\/2026\/01\/DD-Clinic-Jan_17_2026-Full-PPT.pdf\" type=\"application\/pdf\" style=\"width:100%;height:600px\" aria-label=\"Embed of DD-Clinic-Jan_17_2026-Full-PPT.\"><\/object><a id=\"wp-block-file--media-d1fd6923-44f8-452b-8f2b-cc69a9c5ed94\" href=\"https:\/\/cheawcd.org\/newsite\/wp-content\/uploads\/2026\/01\/DD-Clinic-Jan_17_2026-Full-PPT.pdf\">DD-Clinic-Jan_17_2026-Full-PPT<\/a><a href=\"https:\/\/cheawcd.org\/newsite\/wp-content\/uploads\/2026\/01\/DD-Clinic-Jan_17_2026-Full-PPT.pdf\" class=\"wp-block-file__button wp-element-button\" download aria-describedby=\"wp-block-file--media-d1fd6923-44f8-452b-8f2b-cc69a9c5ed94\">Download<\/a><\/div>\n\n\n\n<p>October 16th, 2021:<\/p>\n\n\n\n<p><a href=\"http:\/\/www.cheawcd.org:\/\/FINANCIAL RESPONSIBILITIES.pptx\">Financial Responsibilities<\/a><br><a href=\"https:\/\/www.cheawcd.org\/DD Clinic Santa Cruz 10.21.2023 Kathy Gombas PR Monterey.pdf\">PR Presentation\u00c2&nbsp;-\u00c2&nbsp;Kathy\u00c2&nbsp;Gombas<\/a><br><a href=\"https:\/\/cheawcd.org\/ER Power Point.pdf\">So\u00c2&nbsp;You\u00c2&nbsp;Want To\u00c2&nbsp;Be\u00c2&nbsp;an\u00c2&nbsp;ER\u00c2&nbsp;-\u00c2&nbsp;Michele\u00c2&nbsp;Wilson,\u00c2&nbsp;PAVP<\/a><\/p>\n\n\n\n<div class=\"wp-block-file\"><a id=\"wp-block-file--media-89de5f6c-b44a-43ab-827f-21957bb32ec7\" href=\"https:\/\/cheawcd.org\/newsite\/wp-content\/uploads\/2024\/05\/JAN.CLINICtalk.pdf\">Scholarships &#8211; Stewart Sampson<\/a><a href=\"https:\/\/cheawcd.org\/newsite\/wp-content\/uploads\/2024\/05\/JAN.CLINICtalk.pdf\" class=\"wp-block-file__button wp-element-button\" download aria-describedby=\"wp-block-file--media-89de5f6c-b44a-43ab-827f-21957bb32ec7\">Download<\/a><\/div>\n\n\n\n<div class=\"wp-block-file\"><a id=\"wp-block-file--media-19628462-222f-4a1b-ad24-8a05e30e800e\" href=\"https:\/\/cheawcd.org\/newsite\/wp-content\/uploads\/2024\/05\/Lapsation.pdf\">Lapsation &#8211; Mel Baker<\/a><a href=\"https:\/\/cheawcd.org\/newsite\/wp-content\/uploads\/2024\/05\/Lapsation.pdf\" class=\"wp-block-file__button wp-element-button\" download aria-describedby=\"wp-block-file--media-19628462-222f-4a1b-ad24-8a05e30e800e\">Download<\/a><\/div>\n\n\n\n<div class=\"wp-block-file\"><a id=\"wp-block-file--media-d3b2eb18-702c-44be-b355-0118e78f2c30\" href=\"https:\/\/cheawcd.org\/newsite\/wp-content\/uploads\/2024\/05\/MEMBERSHIP-REPORT-FORM-22.pdf\">Membership Report Form &#8211; Mel Baker<\/a><a href=\"https:\/\/cheawcd.org\/newsite\/wp-content\/uploads\/2024\/05\/MEMBERSHIP-REPORT-FORM-22.pdf\" class=\"wp-block-file__button wp-element-button\" download aria-describedby=\"wp-block-file--media-d3b2eb18-702c-44be-b355-0118e78f2c30\">Download<\/a><\/div>\n","protected":false},"excerpt":{"rendered":"<p>This page will be used to provide any content from the DDGER Clinics. January 17th, 2026: October 16th, 2021: Financial ResponsibilitiesPR Presentation\u00c2&nbsp;-\u00c2&nbsp;Kathy\u00c2&nbsp;GombasSo\u00c2&nbsp;You\u00c2&nbsp;Want To\u00c2&nbsp;Be\u00c2&nbsp;an\u00c2&nbsp;ER\u00c2&nbsp;-\u00c2&nbsp;Michele\u00c2&nbsp;Wilson,\u00c2&nbsp;PAVP<\/p>\n","protected":false},"author":1,"featured_media":0,"parent":0,"menu_order":0,"comment_status":"closed","ping_status":"closed","template":"","meta":[],"_links":{"self":[{"href":"https:\/\/cheawcd.org\/newsite\/index.php\/wp-json\/wp\/v2\/pages\/727"}],"collection":[{"href":"https:\/\/cheawcd.org\/newsite\/index.php\/wp-json\/wp\/v2\/pages"}],"about":[{"href":"https:\/\/cheawcd.org\/newsite\/index.php\/wp-json\/wp\/v2\/types\/page"}],"author":[{"embeddable":true,"href":"https:\/\/cheawcd.org\/newsite\/index.php\/wp-json\/wp\/v2\/users\/1"}],"replies":[{"embeddable":true,"href":"https:\/\/cheawcd.org\/newsite\/index.php\/wp-json\/wp\/v2\/comments?post=727"}],"version-history":[{"count":4,"href":"https:\/\/cheawcd.org\/newsite\/index.php\/wp-json\/wp\/v2\/pages\/727\/revisions"}],"predecessor-version":[{"id":1503,"href":"https:\/\/cheawcd.org\/newsite\/index.php\/wp-json\/wp\/v2\/pages\/727\/revisions\/1503"}],"wp:attachment":[{"href":"https:\/\/cheawcd.org\/newsite\/index.php\/wp-json\/wp\/v2\/media?parent=727"}],"curies":[{"name":"wp","href":"https:\/\/api.w.org\/{rel}","templated":true}]}}